{"id":16,"date":"2021-05-19T08:42:05","date_gmt":"2021-05-19T08:42:05","guid":{"rendered":"http:\/\/nyside.smedstadgaard.no\/?page_id=16"},"modified":"2021-05-27T12:38:59","modified_gmt":"2021-05-27T12:38:59","slug":"hjem","status":"publish","type":"page","link":"https:\/\/smedstadgaard.no\/","title":{"rendered":"Hjem"},"content":{"rendered":"\t\t<div data-elementor-type=\"wp-page\" data-elementor-id=\"16\" class=\"elementor elementor-16\">\n\t\t\t\t\t\t\t\t\t<section class=\"elementor-section elementor-top-section elementor-element elementor-element-c160319 elementor-section-height-min-height elementor-section-boxed elementor-section-height-default elementor-section-items-middle\" data-id=\"c160319\" data-element_type=\"section\" data-settings=\"{&quot;background_background&quot;:&quot;slideshow&quot;,&quot;background_slideshow_gallery&quot;:[{&quot;id&quot;:45,&quot;url&quot;:&quot;https:\\\/\\\/smedstadgaard.no\\\/wp-content\\\/uploads\\\/2021\\\/05\\\/Ku-scaled.jpg&quot;},{&quot;id&quot;:264,&quot;url&quot;:&quot;https:\\\/\\\/smedstadgaard.no\\\/wp-content\\\/uploads\\\/2021\\\/05\\\/Garden-1.jpg&quot;},{&quot;id&quot;:392,&quot;url&quot;:&quot;https:\\\/\\\/smedstadgaard.no\\\/wp-content\\\/uploads\\\/2021\\\/05\\\/IMAG0037-scaled.jpg&quot;}],&quot;background_slideshow_transition_duration&quot;:2500,&quot;shape_divider_bottom&quot;:&quot;opacity-tilt&quot;,&quot;background_slideshow_loop&quot;:&quot;yes&quot;,&quot;background_slideshow_slide_duration&quot;:5000,&quot;background_slideshow_slide_transition&quot;:&quot;fade&quot;}\">\n\t\t\t\t\t\t\t<div class=\"elementor-background-overlay\"><\/div>\n\t\t\t\t\t\t<div class=\"elementor-shape elementor-shape-bottom\" data-negative=\"false\">\n\t\t\t<svg xmlns=\"http:\/\/www.w3.org\/2000\/svg\" viewBox=\"0 0 2600 131.1\" preserveAspectRatio=\"none\">\n\t<path class=\"elementor-shape-fill\" d=\"M0 0L2600 0 2600 69.1 0 0z\"\/>\n\t<path class=\"elementor-shape-fill\" style=\"opacity:0.5\" d=\"M0 0L2600 0 2600 69.1 0 69.1z\"\/>\n\t<path class=\"elementor-shape-fill\" style=\"opacity:0.25\" d=\"M2600 0L0 0 0 130.1 2600 69.1z\"\/>\n<\/svg>\t\t<\/div>\n\t\t\t\t\t<div class=\"elementor-container elementor-column-gap-default\">\n\t\t\t\t\t<div class=\"elementor-column elementor-col-100 elementor-top-column elementor-element elementor-element-79704d1\" data-id=\"79704d1\" data-element_type=\"column\" data-settings=\"{&quot;background_background&quot;:&quot;classic&quot;}\">\n\t\t\t<div class=\"elementor-widget-wrap elementor-element-populated\">\n\t\t\t\t\t\t\t\t<div class=\"elementor-element elementor-element-b96380b elementor-widget elementor-widget-heading\" data-id=\"b96380b\" data-element_type=\"widget\" data-widget_type=\"heading.default\">\n\t\t\t\t<div class=\"elementor-widget-container\">\n\t\t\t<h1 class=\"elementor-heading-title elementor-size-default\">Velkommen til et levende g\u00e5rdsmilj\u00f8\ni rolige omgivelser<\/h1>\t\t<\/div>\n\t\t\t\t<\/div>\n\t\t\t\t<div class=\"elementor-element elementor-element-2631dca elementor-widget-divider--view-line elementor-widget elementor-widget-divider\" data-id=\"2631dca\" data-element_type=\"widget\" data-widget_type=\"divider.default\">\n\t\t\t\t<div class=\"elementor-widget-container\">\n\t\t\t\t\t<div class=\"elementor-divider\">\n\t\t\t<span class=\"elementor-divider-separator\">\n\t\t\t\t\t\t<\/span>\n\t\t<\/div>\n\t\t\t\t<\/div>\n\t\t\t\t<\/div>\n\t\t\t\t<div class=\"elementor-element elementor-element-fb76d2f elementor-widget elementor-widget-text-editor\" data-id=\"fb76d2f\" data-element_type=\"widget\" data-widget_type=\"text-editor.default\">\n\t\t\t\t<div class=\"elementor-widget-container\">\n\t\t\t\t\t\t\t<p><br \/>Velkommen til et levende g\u00e5rdsmilj\u00f8 i rolige omgivelser. 3 mil nord for Oslo og 2 mil s\u00f8r for Gardermoen. I &#8220;gjestestuen&#8221; arrangeres det dag\/kveldsm\u00f8ter, kurs, sommeravslutninger og forskjellige selskaps-arrangementer som barned\u00e5p, konfirmasjon og bursdagsfeiring. P\u00e5 sommerstid kan gjestene slappe av ute i hagen og nyte stillheten. Hvis det er \u00f8nskelig kan gjestene ogs\u00e5 f\u00e5 omvisning p\u00e5 g\u00e5rden. Det serveres tradisjonell hjemmelaget mat. Siden dette er et familiedrevet sted har vi kun et arrangement om gangen s\u00e5 her f\u00e5r gjestene v\u00e6re for seg selv b\u00e5de inne og ute i haven n\u00e5r v\u00e6ret tillater det.<\/p>\t\t\t\t\t\t<\/div>\n\t\t\t\t<\/div>\n\t\t\t\t\t<\/div>\n\t\t<\/div>\n\t\t\t\t\t\t\t<\/div>\n\t\t<\/section>\n\t\t\t\t<section class=\"elementor-section elementor-top-section elementor-element elementor-element-72d3f2b elementor-section-boxed elementor-section-height-default elementor-section-height-default\" data-id=\"72d3f2b\" data-element_type=\"section\" id=\"om-oss\" data-settings=\"{&quot;background_background&quot;:&quot;classic&quot;}\">\n\t\t\t\t\t\t<div class=\"elementor-container elementor-column-gap-default\">\n\t\t\t\t\t<div class=\"elementor-column elementor-col-100 elementor-top-column elementor-element elementor-element-1405990\" data-id=\"1405990\" data-element_type=\"column\" data-settings=\"{&quot;animation&quot;:&quot;none&quot;}\">\n\t\t\t<div class=\"elementor-widget-wrap elementor-element-populated\">\n\t\t\t\t\t\t\t\t<section class=\"elementor-section elementor-inner-section elementor-element elementor-element-f61811f elementor-section-full_width elementor-section-height-default elementor-section-height-default\" data-id=\"f61811f\" data-element_type=\"section\">\n\t\t\t\t\t\t<div class=\"elementor-container elementor-column-gap-default\">\n\t\t\t\t\t<div class=\"elementor-column elementor-col-50 elementor-inner-column elementor-element elementor-element-b3c7848\" data-id=\"b3c7848\" data-element_type=\"column\">\n\t\t\t<div class=\"elementor-widget-wrap elementor-element-populated\">\n\t\t\t\t\t\t\t\t<div class=\"elementor-element elementor-element-4edcf56 elementor-widget elementor-widget-heading\" data-id=\"4edcf56\" data-element_type=\"widget\" data-widget_type=\"heading.default\">\n\t\t\t\t<div class=\"elementor-widget-container\">\n\t\t\t<h1 class=\"elementor-heading-title elementor-size-default\">OM OSS<\/h1>\t\t<\/div>\n\t\t\t\t<\/div>\n\t\t\t\t\t<\/div>\n\t\t<\/div>\n\t\t\t\t<div class=\"elementor-column elementor-col-50 elementor-inner-column elementor-element elementor-element-658f864\" data-id=\"658f864\" data-element_type=\"column\">\n\t\t\t<div class=\"elementor-widget-wrap elementor-element-populated\">\n\t\t\t\t\t\t\t\t<div class=\"elementor-element elementor-element-77fd23e elementor-widget elementor-widget-heading\" data-id=\"77fd23e\" data-element_type=\"widget\" data-widget_type=\"heading.default\">\n\t\t\t\t<div class=\"elementor-widget-container\">\n\t\t\t<p class=\"elementor-heading-title elementor-size-default\">Tre generasjoner av familien Skallerud \u00f8nsker velkommen til Smedstad G\u00e5rd. P\u00e5 g\u00e5rden drives det allsidig g\u00e5rdsdrift med melk, kj\u00f8tt, kornproduksjon og turisme. G\u00e5rden ligger i et typisk kulturlandskap for denne delen av Romerike det er vakkert og vekslende. Romeriks\u00e5sen og skogene lager en ramme rundt bygda. Vi tar imot gjester til overnatting, m\u00f8ter, kurs, selskaper, konfirmasjoner, bryllup, barned\u00e5p, julebord, sommeravslutning.<\/p>\t\t<\/div>\n\t\t\t\t<\/div>\n\t\t\t\t\t<\/div>\n\t\t<\/div>\n\t\t\t\t\t\t\t<\/div>\n\t\t<\/section>\n\t\t\t\t\t<\/div>\n\t\t<\/div>\n\t\t\t\t\t\t\t<\/div>\n\t\t<\/section>\n\t\t\t\t<section class=\"elementor-section elementor-top-section elementor-element elementor-element-19ad42c elementor-section-boxed elementor-section-height-default elementor-section-height-default\" data-id=\"19ad42c\" data-element_type=\"section\" id=\"overnatting\" data-settings=\"{&quot;shape_divider_top&quot;:&quot;triangle&quot;,&quot;shape_divider_top_negative&quot;:&quot;yes&quot;,&quot;shape_divider_bottom&quot;:&quot;triangle&quot;,&quot;shape_divider_bottom_negative&quot;:&quot;yes&quot;}\">\n\t\t\t\t\t<div class=\"elementor-shape elementor-shape-top\" data-negative=\"true\">\n\t\t\t<svg xmlns=\"http:\/\/www.w3.org\/2000\/svg\" viewBox=\"0 0 1000 100\" preserveAspectRatio=\"none\">\n\t<path class=\"elementor-shape-fill\" d=\"M500.2,94.7L0,0v100h1000V0L500.2,94.7z\"\/>\n<\/svg>\t\t<\/div>\n\t\t\t\t<div class=\"elementor-shape elementor-shape-bottom\" data-negative=\"true\">\n\t\t\t<svg xmlns=\"http:\/\/www.w3.org\/2000\/svg\" viewBox=\"0 0 1000 100\" preserveAspectRatio=\"none\">\n\t<path class=\"elementor-shape-fill\" d=\"M500.2,94.7L0,0v100h1000V0L500.2,94.7z\"\/>\n<\/svg>\t\t<\/div>\n\t\t\t\t\t<div class=\"elementor-container elementor-column-gap-default\">\n\t\t\t\t\t<div class=\"elementor-column elementor-col-100 elementor-top-column elementor-element elementor-element-68c6913\" data-id=\"68c6913\" data-element_type=\"column\" data-settings=\"{&quot;animation&quot;:&quot;none&quot;}\">\n\t\t\t<div class=\"elementor-widget-wrap elementor-element-populated\">\n\t\t\t\t\t\t\t\t<div class=\"elementor-element elementor-element-5b217e5 elementor-hidden-tablet elementor-hidden-phone elementor-widget elementor-widget-heading\" data-id=\"5b217e5\" data-element_type=\"widget\" data-widget_type=\"heading.default\">\n\t\t\t\t<div class=\"elementor-widget-container\">\n\t\t\t<h1 class=\"elementor-heading-title elementor-size-default\">OVERNATTING<\/h1>\t\t<\/div>\n\t\t\t\t<\/div>\n\t\t\t\t<section class=\"elementor-section elementor-inner-section elementor-element elementor-element-203518b elementor-section-boxed elementor-section-height-default elementor-section-height-default\" data-id=\"203518b\" data-element_type=\"section\" data-settings=\"{&quot;background_background&quot;:&quot;classic&quot;}\">\n\t\t\t\t\t\t<div class=\"elementor-container elementor-column-gap-default\">\n\t\t\t\t\t<div class=\"elementor-column elementor-col-50 elementor-inner-column elementor-element elementor-element-89d91e1\" data-id=\"89d91e1\" data-element_type=\"column\">\n\t\t\t<div class=\"elementor-widget-wrap elementor-element-populated\">\n\t\t\t\t\t\t\t\t<div class=\"elementor-element elementor-element-aadbae0 elementor-hidden-desktop elementor-widget elementor-widget-heading\" data-id=\"aadbae0\" data-element_type=\"widget\" data-widget_type=\"heading.default\">\n\t\t\t\t<div class=\"elementor-widget-container\">\n\t\t\t<h1 class=\"elementor-heading-title elementor-size-default\">OVERNATTING<\/h1>\t\t<\/div>\n\t\t\t\t<\/div>\n\t\t\t\t<div class=\"elementor-element elementor-element-ee62e77 elementor-widget elementor-widget-heading\" data-id=\"ee62e77\" data-element_type=\"widget\" data-widget_type=\"heading.default\">\n\t\t\t\t<div class=\"elementor-widget-container\">\n\t\t\t<p class=\"elementor-heading-title elementor-size-default\">\nVi har 8 rom for overnatting med tilsammen 14 senger, rommene har blomster navn etter hvilken farge det er p\u00e5 rommet. I forbindelse med overnattingsrommene er det ogs\u00e5 utstyrt kj\u00f8kken med kokemuligheter for de som \u00f8nsker \u00e5 ordne seg maten selv.<\/p>\t\t<\/div>\n\t\t\t\t<\/div>\n\t\t\t\t\t<\/div>\n\t\t<\/div>\n\t\t\t\t<div class=\"elementor-column elementor-col-50 elementor-inner-column elementor-element elementor-element-7b5c45a\" data-id=\"7b5c45a\" data-element_type=\"column\">\n\t\t\t<div class=\"elementor-widget-wrap elementor-element-populated\">\n\t\t\t\t\t\t\t\t<div class=\"elementor-element elementor-element-055afde elementor-widget elementor-widget-image\" data-id=\"055afde\" data-element_type=\"widget\" data-widget_type=\"image.default\">\n\t\t\t\t<div class=\"elementor-widget-container\">\n\t\t\t\t\t\t\t\t\t\t\t\t\t\t\t<img width=\"720\" height=\"406\" src=\"https:\/\/smedstadgaard.no\/wp-content\/uploads\/2021\/05\/Senger_Smedstad.jpg\" class=\"attachment-full size-full\" alt=\"\" loading=\"lazy\" srcset=\"https:\/\/smedstadgaard.no\/wp-content\/uploads\/2021\/05\/Senger_Smedstad.jpg 720w, https:\/\/smedstadgaard.no\/wp-content\/uploads\/2021\/05\/Senger_Smedstad-300x169.jpg 300w\" sizes=\"(max-width: 720px) 100vw, 720px\" \/>\t\t\t\t\t\t\t\t\t\t\t\t\t\t\t<\/div>\n\t\t\t\t<\/div>\n\t\t\t\t\t<\/div>\n\t\t<\/div>\n\t\t\t\t\t\t\t<\/div>\n\t\t<\/section>\n\t\t\t\t\t<\/div>\n\t\t<\/div>\n\t\t\t\t\t\t\t<\/div>\n\t\t<\/section>\n\t\t\t\t<section class=\"elementor-section elementor-top-section elementor-element elementor-element-663da89 elementor-section-boxed elementor-section-height-default elementor-section-height-default\" data-id=\"663da89\" data-element_type=\"section\" id=\"selskaper\" data-settings=\"{&quot;background_background&quot;:&quot;classic&quot;,&quot;animation&quot;:&quot;none&quot;}\">\n\t\t\t\t\t\t<div class=\"elementor-container elementor-column-gap-default\">\n\t\t\t\t\t<div class=\"elementor-column elementor-col-100 elementor-top-column elementor-element elementor-element-9365630\" data-id=\"9365630\" data-element_type=\"column\" data-settings=\"{&quot;animation&quot;:&quot;none&quot;}\">\n\t\t\t<div class=\"elementor-widget-wrap elementor-element-populated\">\n\t\t\t\t\t\t\t\t<div class=\"elementor-element elementor-element-a2c998a elementor-widget elementor-widget-heading\" data-id=\"a2c998a\" data-element_type=\"widget\" data-widget_type=\"heading.default\">\n\t\t\t\t<div class=\"elementor-widget-container\">\n\t\t\t<h2 class=\"elementor-heading-title elementor-size-default\">SELSKAPER<\/h2>\t\t<\/div>\n\t\t\t\t<\/div>\n\t\t\t\t<section class=\"elementor-section elementor-inner-section elementor-element elementor-element-ac49eb2 elementor-section-boxed elementor-section-height-default elementor-section-height-default\" data-id=\"ac49eb2\" data-element_type=\"section\">\n\t\t\t\t\t\t<div class=\"elementor-container elementor-column-gap-default\">\n\t\t\t\t\t<div class=\"elementor-column elementor-col-50 elementor-inner-column elementor-element elementor-element-ca44de5\" data-id=\"ca44de5\" data-element_type=\"column\">\n\t\t\t<div class=\"elementor-widget-wrap elementor-element-populated\">\n\t\t\t\t\t\t\t\t<div class=\"elementor-element elementor-element-7f441aa elementor-widget elementor-widget-image\" data-id=\"7f441aa\" data-element_type=\"widget\" data-widget_type=\"image.default\">\n\t\t\t\t<div class=\"elementor-widget-container\">\n\t\t\t\t\t\t\t\t\t\t\t\t\t\t\t<img width=\"720\" height=\"406\" src=\"https:\/\/smedstadgaard.no\/wp-content\/uploads\/2021\/05\/Senger_Smedstad.jpg\" class=\"attachment-full size-full\" alt=\"\" loading=\"lazy\" srcset=\"https:\/\/smedstadgaard.no\/wp-content\/uploads\/2021\/05\/Senger_Smedstad.jpg 720w, https:\/\/smedstadgaard.no\/wp-content\/uploads\/2021\/05\/Senger_Smedstad-300x169.jpg 300w\" sizes=\"(max-width: 720px) 100vw, 720px\" \/>\t\t\t\t\t\t\t\t\t\t\t\t\t\t\t<\/div>\n\t\t\t\t<\/div>\n\t\t\t\t\t<\/div>\n\t\t<\/div>\n\t\t\t\t<div class=\"elementor-column elementor-col-50 elementor-inner-column elementor-element elementor-element-0ac140d\" data-id=\"0ac140d\" data-element_type=\"column\">\n\t\t\t<div class=\"elementor-widget-wrap elementor-element-populated\">\n\t\t\t\t\t\t\t\t<div class=\"elementor-element elementor-element-9f7affd elementor-widget elementor-widget-image\" data-id=\"9f7affd\" data-element_type=\"widget\" data-widget_type=\"image.default\">\n\t\t\t\t<div class=\"elementor-widget-container\">\n\t\t\t\t\t\t\t\t\t\t\t\t\t\t\t<img width=\"1440\" height=\"812\" src=\"https:\/\/smedstadgaard.no\/wp-content\/uploads\/2021\/05\/Garden-1.jpg\" class=\"attachment-full size-full\" alt=\"\" loading=\"lazy\" srcset=\"https:\/\/smedstadgaard.no\/wp-content\/uploads\/2021\/05\/Garden-1.jpg 1440w, https:\/\/smedstadgaard.no\/wp-content\/uploads\/2021\/05\/Garden-1-300x169.jpg 300w, https:\/\/smedstadgaard.no\/wp-content\/uploads\/2021\/05\/Garden-1-1024x577.jpg 1024w, https:\/\/smedstadgaard.no\/wp-content\/uploads\/2021\/05\/Garden-1-768x433.jpg 768w\" sizes=\"(max-width: 1440px) 100vw, 1440px\" \/>\t\t\t\t\t\t\t\t\t\t\t\t\t\t\t<\/div>\n\t\t\t\t<\/div>\n\t\t\t\t\t<\/div>\n\t\t<\/div>\n\t\t\t\t\t\t\t<\/div>\n\t\t<\/section>\n\t\t\t\t<div class=\"elementor-element elementor-element-9238390 elementor-widget elementor-widget-heading\" data-id=\"9238390\" data-element_type=\"widget\" data-widget_type=\"heading.default\">\n\t\t\t\t<div class=\"elementor-widget-container\">\n\t\t\t<p class=\"elementor-heading-title elementor-size-default\">Vi arrangerer forskjellige selskapsarrangementer som f.eks barned\u00e5p, konfirmasjon, bursdagsfeiring, sommer avslutning og julebord m.m. Maten som serveres er tradisjonell og hjemmelaget. Send oss gjerne en mail eller ring oss for mer informasjon s\u00e5 kan vi sammen bli enige om rammen rundt arrangementet.<\/p>\t\t<\/div>\n\t\t\t\t<\/div>\n\t\t\t\t\t<\/div>\n\t\t<\/div>\n\t\t\t\t\t\t\t<\/div>\n\t\t<\/section>\n\t\t\t\t<section class=\"elementor-section elementor-top-section elementor-element elementor-element-eaa202c elementor-section-boxed elementor-section-height-default elementor-section-height-default\" data-id=\"eaa202c\" data-element_type=\"section\" id=\"aktiviteter\" data-settings=\"{&quot;shape_divider_top&quot;:&quot;triangle-asymmetrical&quot;,&quot;shape_divider_bottom&quot;:&quot;triangle-asymmetrical&quot;}\">\n\t\t\t\t\t<div class=\"elementor-shape elementor-shape-top\" data-negative=\"false\">\n\t\t\t<svg xmlns=\"http:\/\/www.w3.org\/2000\/svg\" viewBox=\"0 0 1000 100\" preserveAspectRatio=\"none\">\n\t<path class=\"elementor-shape-fill\" d=\"M738,99l262-93V0H0v5.6L738,99z\"\/>\n<\/svg>\t\t<\/div>\n\t\t\t\t<div class=\"elementor-shape elementor-shape-bottom\" data-negative=\"false\">\n\t\t\t<svg xmlns=\"http:\/\/www.w3.org\/2000\/svg\" viewBox=\"0 0 1000 100\" preserveAspectRatio=\"none\">\n\t<path class=\"elementor-shape-fill\" d=\"M738,99l262-93V0H0v5.6L738,99z\"\/>\n<\/svg>\t\t<\/div>\n\t\t\t\t\t<div class=\"elementor-container elementor-column-gap-default\">\n\t\t\t\t\t<div class=\"elementor-column elementor-col-100 elementor-top-column elementor-element elementor-element-e9a0925\" data-id=\"e9a0925\" data-element_type=\"column\" data-settings=\"{&quot;animation&quot;:&quot;none&quot;}\">\n\t\t\t<div class=\"elementor-widget-wrap elementor-element-populated\">\n\t\t\t\t\t\t\t\t<div class=\"elementor-element elementor-element-0d90e81 elementor-widget elementor-widget-heading\" data-id=\"0d90e81\" data-element_type=\"widget\" data-widget_type=\"heading.default\">\n\t\t\t\t<div class=\"elementor-widget-container\">\n\t\t\t<h2 class=\"elementor-heading-title elementor-size-default\">AKTIVITETER<\/h2>\t\t<\/div>\n\t\t\t\t<\/div>\n\t\t\t\t<div class=\"elementor-element elementor-element-73bfd1d elementor-widget elementor-widget-heading\" data-id=\"73bfd1d\" data-element_type=\"widget\" data-widget_type=\"heading.default\">\n\t\t\t\t<div class=\"elementor-widget-container\">\n\t\t\t<p class=\"elementor-heading-title elementor-size-default\">P\u00e5 g\u00e5rden er det allsidig g\u00e5rdsdrift med melk, kj\u00f8tt og kornproduksjon. For de som \u00f8nsker det er det mulighet for omvisning i fj\u00f8set hvor man f\u00e5r se en melkerobot i drift og hvordan kuene lever i det moderne l\u00f8sdriftsfj\u00f8set med gode liggemadrasser. Siden dette er et familiedrevet sted har vi kun et arrangement om gangen s\u00e5 her f\u00e5r gjestene v\u00e6re for seg selv b\u00e5de inne og ute i haven n\u00e5r v\u00e6ret tillater det.\n<\/p>\t\t<\/div>\n\t\t\t\t<\/div>\n\t\t\t\t<section class=\"elementor-section elementor-inner-section elementor-element elementor-element-6f6ca09 elementor-section-boxed elementor-section-height-default elementor-section-height-default\" data-id=\"6f6ca09\" data-element_type=\"section\">\n\t\t\t\t\t\t<div class=\"elementor-container elementor-column-gap-default\">\n\t\t\t\t\t<div class=\"elementor-column elementor-col-50 elementor-inner-column elementor-element elementor-element-ada92bf\" data-id=\"ada92bf\" data-element_type=\"column\">\n\t\t\t<div class=\"elementor-widget-wrap elementor-element-populated\">\n\t\t\t\t\t\t\t\t<div class=\"elementor-element elementor-element-c2002d8 elementor-widget elementor-widget-heading\" data-id=\"c2002d8\" data-element_type=\"widget\" data-widget_type=\"heading.default\">\n\t\t\t\t<div class=\"elementor-widget-container\">\n\t\t\t<h2 class=\"elementor-heading-title elementor-size-default\">Turmuligheter<\/h2>\t\t<\/div>\n\t\t\t\t<\/div>\n\t\t\t\t<div class=\"elementor-element elementor-element-5fb4509 elementor-widget elementor-widget-image\" data-id=\"5fb4509\" data-element_type=\"widget\" data-widget_type=\"image.default\">\n\t\t\t\t<div class=\"elementor-widget-container\">\n\t\t\t\t\t\t\t\t\t\t\t\t\t\t\t<img width=\"1080\" height=\"609\" src=\"https:\/\/smedstadgaard.no\/wp-content\/uploads\/2021\/05\/Gjerdrum_i_Akershus.jpg\" class=\"attachment-full size-full\" alt=\"\" loading=\"lazy\" srcset=\"https:\/\/smedstadgaard.no\/wp-content\/uploads\/2021\/05\/Gjerdrum_i_Akershus.jpg 1080w, https:\/\/smedstadgaard.no\/wp-content\/uploads\/2021\/05\/Gjerdrum_i_Akershus-300x169.jpg 300w, https:\/\/smedstadgaard.no\/wp-content\/uploads\/2021\/05\/Gjerdrum_i_Akershus-1024x577.jpg 1024w, https:\/\/smedstadgaard.no\/wp-content\/uploads\/2021\/05\/Gjerdrum_i_Akershus-768x433.jpg 768w\" sizes=\"(max-width: 1080px) 100vw, 1080px\" \/>\t\t\t\t\t\t\t\t\t\t\t\t\t\t\t<\/div>\n\t\t\t\t<\/div>\n\t\t\t\t<div class=\"elementor-element elementor-element-cd50f51 elementor-widget elementor-widget-heading\" data-id=\"cd50f51\" data-element_type=\"widget\" data-widget_type=\"heading.default\">\n\t\t\t\t<div class=\"elementor-widget-container\">\n\t\t\t<p class=\"elementor-heading-title elementor-size-default\">Smedstad G\u00e5rd er et fint utgangspunkt for dagsturer. Du kan velge mellom \u00e5 g\u00e5 p\u00e5 merkede stier i Romeriks\u00e5sen, der du ogs\u00e5 vil finne badeplasser og fiskevann. Severdighetene p\u00e5 Romerike ligger ogs\u00e5 i rimelig avstand fra g\u00e5rden og det er heller ikke mer enn 30 minutters kj\u00f8re tur inn til Oslo.<\/p>\t\t<\/div>\n\t\t\t\t<\/div>\n\t\t\t\t\t<\/div>\n\t\t<\/div>\n\t\t\t\t<div class=\"elementor-column elementor-col-50 elementor-inner-column elementor-element elementor-element-407e850\" data-id=\"407e850\" data-element_type=\"column\">\n\t\t\t<div class=\"elementor-widget-wrap elementor-element-populated\">\n\t\t\t\t\t\t\t\t<div class=\"elementor-element elementor-element-afe0962 elementor-widget elementor-widget-heading\" data-id=\"afe0962\" data-element_type=\"widget\" data-widget_type=\"heading.default\">\n\t\t\t\t<div class=\"elementor-widget-container\">\n\t\t\t<h2 class=\"elementor-heading-title elementor-size-default\">For grupper<\/h2>\t\t<\/div>\n\t\t\t\t<\/div>\n\t\t\t\t<div class=\"elementor-element elementor-element-79817e0 elementor-widget elementor-widget-image\" data-id=\"79817e0\" data-element_type=\"widget\" data-widget_type=\"image.default\">\n\t\t\t\t<div class=\"elementor-widget-container\">\n\t\t\t\t\t\t\t\t\t\t\t\t\t\t\t<img width=\"1800\" height=\"1015\" src=\"https:\/\/smedstadgaard.no\/wp-content\/uploads\/2021\/05\/23914.jpg\" class=\"attachment-full size-full\" alt=\"\" loading=\"lazy\" srcset=\"https:\/\/smedstadgaard.no\/wp-content\/uploads\/2021\/05\/23914.jpg 1800w, https:\/\/smedstadgaard.no\/wp-content\/uploads\/2021\/05\/23914-300x169.jpg 300w, https:\/\/smedstadgaard.no\/wp-content\/uploads\/2021\/05\/23914-1024x577.jpg 1024w, https:\/\/smedstadgaard.no\/wp-content\/uploads\/2021\/05\/23914-768x433.jpg 768w, https:\/\/smedstadgaard.no\/wp-content\/uploads\/2021\/05\/23914-1536x866.jpg 1536w\" sizes=\"(max-width: 1800px) 100vw, 1800px\" \/>\t\t\t\t\t\t\t\t\t\t\t\t\t\t\t<\/div>\n\t\t\t\t<\/div>\n\t\t\t\t<div class=\"elementor-element elementor-element-d88e842 elementor-widget elementor-widget-heading\" data-id=\"d88e842\" data-element_type=\"widget\" data-widget_type=\"heading.default\">\n\t\t\t\t<div class=\"elementor-widget-container\">\n\t\t\t<p class=\"elementor-heading-title elementor-size-default\">\nFor grupper kan vi ogs\u00e5 f\u00e5 til turer i Romeriks\u00e5sen med guide som blandt annet kan fortelle om gruvedrifta i bygda eller steinkistedammene. Eller man kan bes\u00f8ke Fjellstadeika der Asbj\u00f8rnsen satt og skrev flere av sine sagn og eventyr. Siden dette er et familiedrevet sted har vi kun et arrangement om gangen s\u00e5 her f\u00e5r gjestene v\u00e6re for seg selv b\u00e5de inne og ute i haven n\u00e5r v\u00e6ret tillater det.<\/p>\t\t<\/div>\n\t\t\t\t<\/div>\n\t\t\t\t\t<\/div>\n\t\t<\/div>\n\t\t\t\t\t\t\t<\/div>\n\t\t<\/section>\n\t\t\t\t\t<\/div>\n\t\t<\/div>\n\t\t\t\t\t\t\t<\/div>\n\t\t<\/section>\n\t\t\t\t\t\t\t<\/div>\n\t\t","protected":false},"excerpt":{"rendered":"<p>Velkommen til et levende g\u00e5rdsmilj\u00f8 i rolige omgivelser Velkommen til et levende g\u00e5rdsmilj\u00f8 i rolige omgivelser. 3 mil nord for Oslo og 2 mil s\u00f8r for Gardermoen. I &#8220;gjestestuen&#8221; arrangeres det dag\/kveldsm\u00f8ter, kurs, sommeravslutninger og forskjellige selskaps-arrangementer som barned\u00e5p, konfirmasjon og bursdagsfeiring. P\u00e5 sommerstid kan gjestene slappe av ute i hagen og nyte stillheten. Hvis&hellip;&nbsp;<a href=\"https:\/\/smedstadgaard.no\/\" class=\"\" rel=\"bookmark\">Read More &raquo;<span class=\"screen-reader-text\">Hjem<\/span><\/a><\/p>\n","protected":false},"author":1,"featured_media":0,"parent":0,"menu_order":0,"comment_status":"closed","ping_status":"closed","template":"page-templates\/template-pagebuilder-full-width.php","meta":{"neve_meta_sidebar":"full-width","neve_meta_container":"","neve_meta_enable_content_width":"on","neve_meta_content_width":100,"neve_meta_title_alignment":"","neve_meta_author_avatar":"","neve_post_elements_order":"","neve_meta_disable_header":"","neve_meta_disable_footer":"","neve_meta_disable_title":""},"_links":{"self":[{"href":"https:\/\/smedstadgaard.no\/index.php?rest_route=\/wp\/v2\/pages\/16"}],"collection":[{"href":"https:\/\/smedstadgaard.no\/index.php?rest_route=\/wp\/v2\/pages"}],"about":[{"href":"https:\/\/smedstadgaard.no\/index.php?rest_route=\/wp\/v2\/types\/page"}],"author":[{"embeddable":true,"href":"https:\/\/smedstadgaard.no\/index.php?rest_route=\/wp\/v2\/users\/1"}],"replies":[{"embeddable":true,"href":"https:\/\/smedstadgaard.no\/index.php?rest_route=%2Fwp%2Fv2%2Fcomments&post=16"}],"version-history":[{"count":184,"href":"https:\/\/smedstadgaard.no\/index.php?rest_route=\/wp\/v2\/pages\/16\/revisions"}],"predecessor-version":[{"id":408,"href":"https:\/\/smedstadgaard.no\/index.php?rest_route=\/wp\/v2\/pages\/16\/revisions\/408"}],"wp:attachment":[{"href":"https:\/\/smedstadgaard.no\/index.php?rest_route=%2Fwp%2Fv2%2Fmedia&parent=16"}],"curies":[{"name":"wp","href":"https:\/\/api.w.org\/{rel}","templated":true}]}}